{"id":27,"date":"2025-07-24T22:17:44","date_gmt":"2025-07-24T22:17:44","guid":{"rendered":"https:\/\/jalkojenhoitoelenee.fi\/?page_id=27"},"modified":"2025-10-12T11:08:20","modified_gmt":"2025-10-12T11:08:20","slug":"hinnasto","status":"publish","type":"page","link":"https:\/\/jalkojenhoitoelenee.fi\/index.php\/hinnasto\/","title":{"rendered":"Hinnasto"},"content":{"rendered":"\t\t<div data-elementor-type=\"wp-page\" data-elementor-id=\"27\" class=\"elementor elementor-27\">\n\t\t\t\t<div class=\"elementor-element elementor-element-1a34c00 e-flex e-con-boxed e-con e-parent\" data-id=\"1a34c00\" data-element_type=\"container\" data-e-type=\"container\">\n\t\t\t\t\t<div class=\"e-con-inner\">\n\t\t<div class=\"elementor-element elementor-element-6993db3 e-con-full e-flex e-con e-child\" data-id=\"6993db3\" data-element_type=\"container\" data-e-type=\"container\">\n\t\t\t\t<div class=\"elementor-element elementor-element-45c0f20 elementor-widget elementor-widget-text-editor\" data-id=\"45c0f20\" data-element_type=\"widget\" data-e-type=\"widget\" data-widget_type=\"text-editor.default\">\n\t\t\t\t\t\t\t\t\t<p><strong>Perusjalkahoito: 60min<\/strong><\/p><p>Analyysi, kynsienleikkaus ja muotoilu, kynsinauhojen siistiminen, kevyt raspaus, rasvaus tarpeen mukaan, kevyt hieronta jos sille ei ole estett\u00e4.<\/p><p>69\u20ac<\/p><p><strong>Osahoito: 30min<\/strong><\/p><p>Tarpeen mukaan, esim. kontrollik\u00e4ynti\/aloitetun hoidon jatkohoito, syyl\u00e4n hoito (useammin vaati muutama hoitokertaa, isomman k\u00e4ns\u00e4n poiso\/jatkohoito, sis\u00e4\u00e4n kasvaneen kynnen hoito, vaikean halkeaman hoito\/hyperkeratoosi.<\/p><p>Kynnen oikaisu: arviointi, oikaisu Titaanilanka-menetelm\u00e4ll\u00e4 + 25 eur.<\/p><p>49\u20ac<\/p><p><strong>Vaativa jalkahoito: 90 min<\/strong><\/p><p>Perushoito t\u00e4ydennet\u00e4\u00e4n asiakkaan tarpeen mukaisilla hoidolla, mm<\/p><p>paksuntuneen kynsien, sieni-infektion, kovettumien\/halkeamien, k\u00e4nsien, sis\u00e4\u00e4n kasvaneen kynsienkynsivallin tulehduksen, varvasv\u00e4lihautumien hoito.<\/p><p>89 eur<\/p><p>Perushoito+sienihoito<\/p><p>93 eur<\/p><p><strong>Kotik\u00e4ynti-1,5-2tunti<\/strong><\/p><p>Perus hygieniahoito<\/p><p>89 eur.<\/p><p>Vaativa hoito- hinta soveltavaa erikseen!<\/p><p>Yli 5 km matkaa-0,50 sen\/km<\/p><p><strong>Hemmotteleva jalkahoito<\/strong><\/p><p>Perus jalkojen hygieniahoito<\/p><p>\u00a0 \u00a0 \u00a0 \u00a0 \u00a0 \u00a0 \u00a0 \u00a0 \u00a0 \u00a0 \u00a0 \u00a0 \u00a0+<\/p><p>Hoito Footlogix jalkahoito-tuotteilla: yrttijalkakylpy, merilev\u00e4-kuorinta, mineraali-jalkanaamio, jalkojen hieronta vaahtovoiteella\/kyntil\u00e4voiteella.\u00a0 \u00a0 \u00a0 \u00a0 \u00a0 \u00a0 \u00a0 \u00a0 \u00a0 \u00a0 \u00a0 \u00a0 +<\/p><p>hoidon j\u00e4lkeen rentouttava hetki nauttimalla yrttiteet\u00e4.<\/p><p>84 eur<\/p><p><strong>Varaa aika <a href=\"https:\/\/avoinna24.fi\/nextone\/reservation?branch_id=10b8aea8-fdb3-11e6-9db0-fa163e230d19\">t\u00e4st\u00e4<\/a><\/strong><\/p>\t\t\t\t\t\t\t\t<\/div>\n\t\t\t\t<\/div>\n\t\t<div class=\"elementor-element elementor-element-082182f e-con-full e-flex e-con e-child\" data-id=\"082182f\" data-element_type=\"container\" data-e-type=\"container\">\n\t\t\t\t<\/div>\n\t\t\t\t\t<\/div>\n\t\t\t\t<\/div>\n\t\t\t\t<\/div>\n\t\t","protected":false},"excerpt":{"rendered":"<p>Perusjalkahoito: 60min Analyysi, kynsienleikkaus ja muotoilu, kynsinauhojen siistiminen, kevyt raspaus, rasvaus tarpeen mukaan, kevyt hieronta jos sille ei ole estett\u00e4. 69\u20ac Osahoito: 30min Tarpeen mukaan, esim. kontrollik\u00e4ynti\/aloitetun hoidon jatkohoito, syyl\u00e4n &hellip; <\/p>\n","protected":false},"author":1,"featured_media":28,"parent":0,"menu_order":0,"comment_status":"closed","ping_status":"closed","template":"","meta":{"footnotes":""},"class_list":["post-27","page","type-page","status-publish","has-post-thumbnail","hentry"],"yoast_head":"<!-- This site is optimized with the Yoast SEO plugin v27.4 - https:\/\/yoast.com\/product\/yoast-seo-wordpress\/ -->\n<title>Hinnasto - Jalkojenhoito Elene&eacute;<\/title>\n<meta name=\"robots\" content=\"index, follow, max-snippet:-1, max-image-preview:large, max-video-preview:-1\" \/>\n<link rel=\"canonical\" href=\"https:\/\/jalkojenhoitoelenee.fi\/index.php\/hinnasto\/\" \/>\n<meta property=\"og:locale\" content=\"fi_FI\" \/>\n<meta property=\"og:type\" content=\"article\" \/>\n<meta property=\"og:title\" content=\"Hinnasto - Jalkojenhoito Elene&eacute;\" \/>\n<meta property=\"og:description\" content=\"Perusjalkahoito: 60min Analyysi, kynsienleikkaus ja muotoilu, kynsinauhojen siistiminen, kevyt raspaus, rasvaus tarpeen mukaan, kevyt hieronta jos sille ei ole estett\u00e4. 69\u20ac Osahoito: 30min Tarpeen mukaan, esim. kontrollik\u00e4ynti\/aloitetun hoidon jatkohoito, syyl\u00e4n &hellip;\" \/>\n<meta property=\"og:url\" content=\"https:\/\/jalkojenhoitoelenee.fi\/index.php\/hinnasto\/\" \/>\n<meta property=\"og:site_name\" content=\"Jalkojenhoito Elene&eacute;\" \/>\n<meta property=\"article:modified_time\" content=\"2025-10-12T11:08:20+00:00\" \/>\n<meta property=\"og:image\" content=\"https:\/\/jalkojenhoitoelenee.fi\/wp-content\/uploads\/2025\/07\/jalkojen-elenee1-e1753395427723.png\" \/>\n\t<meta property=\"og:image:width\" content=\"801\" \/>\n\t<meta property=\"og:image:height\" content=\"453\" \/>\n\t<meta property=\"og:image:type\" content=\"image\/png\" \/>\n<meta name=\"twitter:card\" content=\"summary_large_image\" \/>\n<meta name=\"twitter:label1\" content=\"Arvioitu lukuaika\" \/>\n\t<meta name=\"twitter:data1\" content=\"1 minuutti\" \/>\n<script type=\"application\/ld+json\" class=\"yoast-schema-graph\">{\"@context\":\"https:\\\/\\\/schema.org\",\"@graph\":[{\"@type\":\"WebPage\",\"@id\":\"https:\\\/\\\/jalkojenhoitoelenee.fi\\\/index.php\\\/hinnasto\\\/\",\"url\":\"https:\\\/\\\/jalkojenhoitoelenee.fi\\\/index.php\\\/hinnasto\\\/\",\"name\":\"Hinnasto - Jalkojenhoito Elene&eacute;\",\"isPartOf\":{\"@id\":\"https:\\\/\\\/jalkojenhoitoelenee.fi\\\/#website\"},\"primaryImageOfPage\":{\"@id\":\"https:\\\/\\\/jalkojenhoitoelenee.fi\\\/index.php\\\/hinnasto\\\/#primaryimage\"},\"image\":{\"@id\":\"https:\\\/\\\/jalkojenhoitoelenee.fi\\\/index.php\\\/hinnasto\\\/#primaryimage\"},\"thumbnailUrl\":\"https:\\\/\\\/i0.wp.com\\\/jalkojenhoitoelenee.fi\\\/wp-content\\\/uploads\\\/2025\\\/07\\\/jalkojen-elenee1-e1753395427723.png?fit=801%2C453&ssl=1\",\"datePublished\":\"2025-07-24T22:17:44+00:00\",\"dateModified\":\"2025-10-12T11:08:20+00:00\",\"breadcrumb\":{\"@id\":\"https:\\\/\\\/jalkojenhoitoelenee.fi\\\/index.php\\\/hinnasto\\\/#breadcrumb\"},\"inLanguage\":\"fi\",\"potentialAction\":[{\"@type\":\"ReadAction\",\"target\":[\"https:\\\/\\\/jalkojenhoitoelenee.fi\\\/index.php\\\/hinnasto\\\/\"]}]},{\"@type\":\"ImageObject\",\"inLanguage\":\"fi\",\"@id\":\"https:\\\/\\\/jalkojenhoitoelenee.fi\\\/index.php\\\/hinnasto\\\/#primaryimage\",\"url\":\"https:\\\/\\\/i0.wp.com\\\/jalkojenhoitoelenee.fi\\\/wp-content\\\/uploads\\\/2025\\\/07\\\/jalkojen-elenee1-e1753395427723.png?fit=801%2C453&ssl=1\",\"contentUrl\":\"https:\\\/\\\/i0.wp.com\\\/jalkojenhoitoelenee.fi\\\/wp-content\\\/uploads\\\/2025\\\/07\\\/jalkojen-elenee1-e1753395427723.png?fit=801%2C453&ssl=1\",\"width\":801,\"height\":453},{\"@type\":\"BreadcrumbList\",\"@id\":\"https:\\\/\\\/jalkojenhoitoelenee.fi\\\/index.php\\\/hinnasto\\\/#breadcrumb\",\"itemListElement\":[{\"@type\":\"ListItem\",\"position\":1,\"name\":\"Etusivu\",\"item\":\"https:\\\/\\\/jalkojenhoitoelenee.fi\\\/\"},{\"@type\":\"ListItem\",\"position\":2,\"name\":\"Hinnasto\"}]},{\"@type\":\"WebSite\",\"@id\":\"https:\\\/\\\/jalkojenhoitoelenee.fi\\\/#website\",\"url\":\"https:\\\/\\\/jalkojenhoitoelenee.fi\\\/\",\"name\":\"Jalkojenhoito Elene&eacute;\",\"description\":\"Terveydenhoidollista jalkojen hoitoa\",\"publisher\":{\"@id\":\"https:\\\/\\\/jalkojenhoitoelenee.fi\\\/#organization\"},\"potentialAction\":[{\"@type\":\"SearchAction\",\"target\":{\"@type\":\"EntryPoint\",\"urlTemplate\":\"https:\\\/\\\/jalkojenhoitoelenee.fi\\\/?s={search_term_string}\"},\"query-input\":{\"@type\":\"PropertyValueSpecification\",\"valueRequired\":true,\"valueName\":\"search_term_string\"}}],\"inLanguage\":\"fi\"},{\"@type\":\"Organization\",\"@id\":\"https:\\\/\\\/jalkojenhoitoelenee.fi\\\/#organization\",\"name\":\"Jalkojenhoito Elene&eacute;\",\"url\":\"https:\\\/\\\/jalkojenhoitoelenee.fi\\\/\",\"logo\":{\"@type\":\"ImageObject\",\"inLanguage\":\"fi\",\"@id\":\"https:\\\/\\\/jalkojenhoitoelenee.fi\\\/#\\\/schema\\\/logo\\\/image\\\/\",\"url\":\"https:\\\/\\\/i0.wp.com\\\/jalkojenhoitoelenee.fi\\\/wp-content\\\/uploads\\\/2025\\\/07\\\/Logo_EH_white-scaled-e1755744852872.png?fit=100%2C100&ssl=1\",\"contentUrl\":\"https:\\\/\\\/i0.wp.com\\\/jalkojenhoitoelenee.fi\\\/wp-content\\\/uploads\\\/2025\\\/07\\\/Logo_EH_white-scaled-e1755744852872.png?fit=100%2C100&ssl=1\",\"width\":100,\"height\":100,\"caption\":\"Jalkojenhoito Elene&eacute;\"},\"image\":{\"@id\":\"https:\\\/\\\/jalkojenhoitoelenee.fi\\\/#\\\/schema\\\/logo\\\/image\\\/\"}}]}<\/script>\n<!-- \/ Yoast SEO plugin. -->","yoast_head_json":{"title":"Hinnasto - Jalkojenhoito Elene&eacute;","robots":{"index":"index","follow":"follow","max-snippet":"max-snippet:-1","max-image-preview":"max-image-preview:large","max-video-preview":"max-video-preview:-1"},"canonical":"https:\/\/jalkojenhoitoelenee.fi\/index.php\/hinnasto\/","og_locale":"fi_FI","og_type":"article","og_title":"Hinnasto - Jalkojenhoito Elene&eacute;","og_description":"Perusjalkahoito: 60min Analyysi, kynsienleikkaus ja muotoilu, kynsinauhojen siistiminen, kevyt raspaus, rasvaus tarpeen mukaan, kevyt hieronta jos sille ei ole estett\u00e4. 69\u20ac Osahoito: 30min Tarpeen mukaan, esim. kontrollik\u00e4ynti\/aloitetun hoidon jatkohoito, syyl\u00e4n &hellip;","og_url":"https:\/\/jalkojenhoitoelenee.fi\/index.php\/hinnasto\/","og_site_name":"Jalkojenhoito Elene&eacute;","article_modified_time":"2025-10-12T11:08:20+00:00","og_image":[{"width":801,"height":453,"url":"https:\/\/jalkojenhoitoelenee.fi\/wp-content\/uploads\/2025\/07\/jalkojen-elenee1-e1753395427723.png","type":"image\/png"}],"twitter_card":"summary_large_image","twitter_misc":{"Arvioitu lukuaika":"1 minuutti"},"schema":{"@context":"https:\/\/schema.org","@graph":[{"@type":"WebPage","@id":"https:\/\/jalkojenhoitoelenee.fi\/index.php\/hinnasto\/","url":"https:\/\/jalkojenhoitoelenee.fi\/index.php\/hinnasto\/","name":"Hinnasto - Jalkojenhoito Elene&eacute;","isPartOf":{"@id":"https:\/\/jalkojenhoitoelenee.fi\/#website"},"primaryImageOfPage":{"@id":"https:\/\/jalkojenhoitoelenee.fi\/index.php\/hinnasto\/#primaryimage"},"image":{"@id":"https:\/\/jalkojenhoitoelenee.fi\/index.php\/hinnasto\/#primaryimage"},"thumbnailUrl":"https:\/\/i0.wp.com\/jalkojenhoitoelenee.fi\/wp-content\/uploads\/2025\/07\/jalkojen-elenee1-e1753395427723.png?fit=801%2C453&ssl=1","datePublished":"2025-07-24T22:17:44+00:00","dateModified":"2025-10-12T11:08:20+00:00","breadcrumb":{"@id":"https:\/\/jalkojenhoitoelenee.fi\/index.php\/hinnasto\/#breadcrumb"},"inLanguage":"fi","potentialAction":[{"@type":"ReadAction","target":["https:\/\/jalkojenhoitoelenee.fi\/index.php\/hinnasto\/"]}]},{"@type":"ImageObject","inLanguage":"fi","@id":"https:\/\/jalkojenhoitoelenee.fi\/index.php\/hinnasto\/#primaryimage","url":"https:\/\/i0.wp.com\/jalkojenhoitoelenee.fi\/wp-content\/uploads\/2025\/07\/jalkojen-elenee1-e1753395427723.png?fit=801%2C453&ssl=1","contentUrl":"https:\/\/i0.wp.com\/jalkojenhoitoelenee.fi\/wp-content\/uploads\/2025\/07\/jalkojen-elenee1-e1753395427723.png?fit=801%2C453&ssl=1","width":801,"height":453},{"@type":"BreadcrumbList","@id":"https:\/\/jalkojenhoitoelenee.fi\/index.php\/hinnasto\/#breadcrumb","itemListElement":[{"@type":"ListItem","position":1,"name":"Etusivu","item":"https:\/\/jalkojenhoitoelenee.fi\/"},{"@type":"ListItem","position":2,"name":"Hinnasto"}]},{"@type":"WebSite","@id":"https:\/\/jalkojenhoitoelenee.fi\/#website","url":"https:\/\/jalkojenhoitoelenee.fi\/","name":"Jalkojenhoito Elene&eacute;","description":"Terveydenhoidollista jalkojen hoitoa","publisher":{"@id":"https:\/\/jalkojenhoitoelenee.fi\/#organization"},"potentialAction":[{"@type":"SearchAction","target":{"@type":"EntryPoint","urlTemplate":"https:\/\/jalkojenhoitoelenee.fi\/?s={search_term_string}"},"query-input":{"@type":"PropertyValueSpecification","valueRequired":true,"valueName":"search_term_string"}}],"inLanguage":"fi"},{"@type":"Organization","@id":"https:\/\/jalkojenhoitoelenee.fi\/#organization","name":"Jalkojenhoito Elene&eacute;","url":"https:\/\/jalkojenhoitoelenee.fi\/","logo":{"@type":"ImageObject","inLanguage":"fi","@id":"https:\/\/jalkojenhoitoelenee.fi\/#\/schema\/logo\/image\/","url":"https:\/\/i0.wp.com\/jalkojenhoitoelenee.fi\/wp-content\/uploads\/2025\/07\/Logo_EH_white-scaled-e1755744852872.png?fit=100%2C100&ssl=1","contentUrl":"https:\/\/i0.wp.com\/jalkojenhoitoelenee.fi\/wp-content\/uploads\/2025\/07\/Logo_EH_white-scaled-e1755744852872.png?fit=100%2C100&ssl=1","width":100,"height":100,"caption":"Jalkojenhoito Elene&eacute;"},"image":{"@id":"https:\/\/jalkojenhoitoelenee.fi\/#\/schema\/logo\/image\/"}}]}},"jetpack_sharing_enabled":true,"_links":{"self":[{"href":"https:\/\/jalkojenhoitoelenee.fi\/index.php\/wp-json\/wp\/v2\/pages\/27","targetHints":{"allow":["GET"]}}],"collection":[{"href":"https:\/\/jalkojenhoitoelenee.fi\/index.php\/wp-json\/wp\/v2\/pages"}],"about":[{"href":"https:\/\/jalkojenhoitoelenee.fi\/index.php\/wp-json\/wp\/v2\/types\/page"}],"author":[{"embeddable":true,"href":"https:\/\/jalkojenhoitoelenee.fi\/index.php\/wp-json\/wp\/v2\/users\/1"}],"replies":[{"embeddable":true,"href":"https:\/\/jalkojenhoitoelenee.fi\/index.php\/wp-json\/wp\/v2\/comments?post=27"}],"version-history":[{"count":38,"href":"https:\/\/jalkojenhoitoelenee.fi\/index.php\/wp-json\/wp\/v2\/pages\/27\/revisions"}],"predecessor-version":[{"id":331,"href":"https:\/\/jalkojenhoitoelenee.fi\/index.php\/wp-json\/wp\/v2\/pages\/27\/revisions\/331"}],"wp:featuredmedia":[{"embeddable":true,"href":"https:\/\/jalkojenhoitoelenee.fi\/index.php\/wp-json\/wp\/v2\/media\/28"}],"wp:attachment":[{"href":"https:\/\/jalkojenhoitoelenee.fi\/index.php\/wp-json\/wp\/v2\/media?parent=27"}],"curies":[{"name":"wp","href":"https:\/\/api.w.org\/{rel}","templated":true}]}}