{"id":30,"date":"2025-07-24T22:26:40","date_gmt":"2025-07-24T22:26:40","guid":{"rendered":"https:\/\/jalkojenhoitoelenee.fi\/?page_id=30"},"modified":"2025-09-22T08:21:47","modified_gmt":"2025-09-22T08:21:47","slug":"elena","status":"publish","type":"page","link":"https:\/\/jalkojenhoitoelenee.fi\/index.php\/elena\/","title":{"rendered":"Elena"},"content":{"rendered":"\t\t<div data-elementor-type=\"wp-page\" data-elementor-id=\"30\" class=\"elementor elementor-30\">\n\t\t\t\t<div class=\"elementor-element elementor-element-e4dffe3 e-flex e-con-boxed e-con e-parent\" data-id=\"e4dffe3\" data-element_type=\"container\" data-e-type=\"container\">\n\t\t\t\t\t<div class=\"e-con-inner\">\n\t\t<div class=\"elementor-element elementor-element-16d4e6f e-con-full e-flex e-con e-child\" data-id=\"16d4e6f\" data-element_type=\"container\" data-e-type=\"container\">\n\t\t\t\t<div class=\"elementor-element elementor-element-6d86c89 elementor-widget elementor-widget-text-editor\" data-id=\"6d86c89\" data-element_type=\"widget\" data-e-type=\"widget\" data-widget_type=\"text-editor.default\">\n\t\t\t\t\t\t\t\t\t<p>\u00a0<\/p><p>Olen Elena, koulutukseltani Jalkojen hoidon AT, Vanhustenty\u00f6n erikoistunut L\u00e4hihoitaja PT, Kauneuden alan PT ja Valviran rekister\u00f6im\u00e4 Sosiaali-ja terveysalan ammattiharjoittaja.<\/p><p>Jalkojen hoidon teht\u00e4vist\u00e4 minulla on kokemusta yli 16 vuoden ajalta.<\/p><p>Olen ty\u00f6skennellyt asiakaspalvelu- ja hoitoty\u00f6n teht\u00e4viss\u00e4 melkein koko ik\u00e4ni.<\/p><p>Teen jalkojen hoitoa my\u00f6s kotik\u00e4ynneill\u00e4. Saan hyv\u00e4\u00e4 kokemusta vaativien jalkojen hoidosta, tunnen perussairaudet l\u00e4\u00e4kitykset huomioon ottaen ja osan antaa asiakkaalle tarvittavaa hoitoa tarpeen mukaan.\u00a0<\/p><p>Tervetuloa terveydellisen jalkojen hoitoon tai rentoutumaan ja kevent\u00e4m\u00e4\u00e4n v\u00e4syneit\u00e4 jalkojesi!<\/p>\t\t\t\t\t\t\t\t<\/div>\n\t\t\t\t<\/div>\n\t\t<div class=\"elementor-element elementor-element-db48325 e-con-full e-flex e-con e-child\" data-id=\"db48325\" data-element_type=\"container\" data-e-type=\"container\">\n\t\t\t\t<\/div>\n\t\t\t\t<div class=\"elementor-element elementor-element-d99eb22 elementor-widget elementor-widget-image\" data-id=\"d99eb22\" data-element_type=\"widget\" data-e-type=\"widget\" data-widget_type=\"image.default\">\n\t\t\t\t\t\t\t\t\t\t\t\t\t\t\t<img fetchpriority=\"high\" decoding=\"async\" width=\"768\" height=\"1579\" src=\"https:\/\/i0.wp.com\/jalkojenhoitoelenee.fi\/wp-content\/uploads\/2025\/07\/458648667_26695746080071048_4354231589376734191_n.jpg?fit=768%2C1579&amp;ssl=1\" class=\"attachment-medium_large size-medium_large wp-image-148\" alt=\"\" srcset=\"https:\/\/i0.wp.com\/jalkojenhoitoelenee.fi\/wp-content\/uploads\/2025\/07\/458648667_26695746080071048_4354231589376734191_n.jpg?w=996&amp;ssl=1 996w, https:\/\/i0.wp.com\/jalkojenhoitoelenee.fi\/wp-content\/uploads\/2025\/07\/458648667_26695746080071048_4354231589376734191_n.jpg?resize=146%2C300&amp;ssl=1 146w, https:\/\/i0.wp.com\/jalkojenhoitoelenee.fi\/wp-content\/uploads\/2025\/07\/458648667_26695746080071048_4354231589376734191_n.jpg?resize=498%2C1024&amp;ssl=1 498w, https:\/\/i0.wp.com\/jalkojenhoitoelenee.fi\/wp-content\/uploads\/2025\/07\/458648667_26695746080071048_4354231589376734191_n.jpg?resize=768%2C1579&amp;ssl=1 768w, https:\/\/i0.wp.com\/jalkojenhoitoelenee.fi\/wp-content\/uploads\/2025\/07\/458648667_26695746080071048_4354231589376734191_n.jpg?resize=747%2C1536&amp;ssl=1 747w, https:\/\/i0.wp.com\/jalkojenhoitoelenee.fi\/wp-content\/uploads\/2025\/07\/458648667_26695746080071048_4354231589376734191_n.jpg?resize=600%2C1234&amp;ssl=1 600w\" sizes=\"(max-width: 768px) 100vw, 768px\" \/>\t\t\t\t\t\t\t\t\t\t\t\t\t\t\t<\/div>\n\t\t\t\t\t<\/div>\n\t\t\t\t<\/div>\n\t\t\t\t<\/div>\n\t\t","protected":false},"excerpt":{"rendered":"<p>\u00a0 Olen Elena, koulutukseltani Jalkojen hoidon AT, Vanhustenty\u00f6n erikoistunut L\u00e4hihoitaja PT, Kauneuden alan PT ja Valviran rekister\u00f6im\u00e4 Sosiaali-ja terveysalan ammattiharjoittaja. Jalkojen hoidon teht\u00e4vist\u00e4 minulla on kokemusta yli 16 vuoden ajalta. &hellip; <\/p>\n","protected":false},"author":1,"featured_media":0,"parent":0,"menu_order":0,"comment_status":"closed","ping_status":"closed","template":"","meta":{"footnotes":""},"class_list":["post-30","page","type-page","status-publish","hentry"],"yoast_head":"<!-- This site is optimized with the Yoast SEO plugin v27.4 - https:\/\/yoast.com\/product\/yoast-seo-wordpress\/ -->\n<title>Elena - Jalkojenhoito Elene&eacute;<\/title>\n<meta name=\"robots\" content=\"index, follow, max-snippet:-1, max-image-preview:large, max-video-preview:-1\" \/>\n<link rel=\"canonical\" href=\"https:\/\/jalkojenhoitoelenee.fi\/index.php\/elena\/\" \/>\n<meta property=\"og:locale\" content=\"fi_FI\" \/>\n<meta property=\"og:type\" content=\"article\" \/>\n<meta property=\"og:title\" content=\"Elena - Jalkojenhoito Elene&eacute;\" \/>\n<meta property=\"og:description\" content=\"\u00a0 Olen Elena, koulutukseltani Jalkojen hoidon AT, Vanhustenty\u00f6n erikoistunut L\u00e4hihoitaja PT, Kauneuden alan PT ja Valviran rekister\u00f6im\u00e4 Sosiaali-ja terveysalan ammattiharjoittaja. Jalkojen hoidon teht\u00e4vist\u00e4 minulla on kokemusta yli 16 vuoden ajalta. &hellip;\" \/>\n<meta property=\"og:url\" content=\"https:\/\/jalkojenhoitoelenee.fi\/index.php\/elena\/\" \/>\n<meta property=\"og:site_name\" content=\"Jalkojenhoito Elene&eacute;\" \/>\n<meta property=\"article:modified_time\" content=\"2025-09-22T08:21:47+00:00\" \/>\n<meta property=\"og:image\" content=\"https:\/\/jalkojenhoitoelenee.fi\/wp-content\/uploads\/2025\/07\/458648667_26695746080071048_4354231589376734191_n-768x1579.jpg\" \/>\n<meta name=\"twitter:card\" content=\"summary_large_image\" \/>\n<script type=\"application\/ld+json\" class=\"yoast-schema-graph\">{\"@context\":\"https:\\\/\\\/schema.org\",\"@graph\":[{\"@type\":\"WebPage\",\"@id\":\"https:\\\/\\\/jalkojenhoitoelenee.fi\\\/index.php\\\/elena\\\/\",\"url\":\"https:\\\/\\\/jalkojenhoitoelenee.fi\\\/index.php\\\/elena\\\/\",\"name\":\"Elena - Jalkojenhoito Elene&eacute;\",\"isPartOf\":{\"@id\":\"https:\\\/\\\/jalkojenhoitoelenee.fi\\\/#website\"},\"primaryImageOfPage\":{\"@id\":\"https:\\\/\\\/jalkojenhoitoelenee.fi\\\/index.php\\\/elena\\\/#primaryimage\"},\"image\":{\"@id\":\"https:\\\/\\\/jalkojenhoitoelenee.fi\\\/index.php\\\/elena\\\/#primaryimage\"},\"thumbnailUrl\":\"https:\\\/\\\/jalkojenhoitoelenee.fi\\\/wp-content\\\/uploads\\\/2025\\\/07\\\/458648667_26695746080071048_4354231589376734191_n-768x1579.jpg\",\"datePublished\":\"2025-07-24T22:26:40+00:00\",\"dateModified\":\"2025-09-22T08:21:47+00:00\",\"breadcrumb\":{\"@id\":\"https:\\\/\\\/jalkojenhoitoelenee.fi\\\/index.php\\\/elena\\\/#breadcrumb\"},\"inLanguage\":\"fi\",\"potentialAction\":[{\"@type\":\"ReadAction\",\"target\":[\"https:\\\/\\\/jalkojenhoitoelenee.fi\\\/index.php\\\/elena\\\/\"]}]},{\"@type\":\"ImageObject\",\"inLanguage\":\"fi\",\"@id\":\"https:\\\/\\\/jalkojenhoitoelenee.fi\\\/index.php\\\/elena\\\/#primaryimage\",\"url\":\"https:\\\/\\\/i0.wp.com\\\/jalkojenhoitoelenee.fi\\\/wp-content\\\/uploads\\\/2025\\\/07\\\/458648667_26695746080071048_4354231589376734191_n.jpg?fit=996%2C2048&ssl=1\",\"contentUrl\":\"https:\\\/\\\/i0.wp.com\\\/jalkojenhoitoelenee.fi\\\/wp-content\\\/uploads\\\/2025\\\/07\\\/458648667_26695746080071048_4354231589376734191_n.jpg?fit=996%2C2048&ssl=1\",\"width\":996,\"height\":2048},{\"@type\":\"BreadcrumbList\",\"@id\":\"https:\\\/\\\/jalkojenhoitoelenee.fi\\\/index.php\\\/elena\\\/#breadcrumb\",\"itemListElement\":[{\"@type\":\"ListItem\",\"position\":1,\"name\":\"Etusivu\",\"item\":\"https:\\\/\\\/jalkojenhoitoelenee.fi\\\/\"},{\"@type\":\"ListItem\",\"position\":2,\"name\":\"Elena\"}]},{\"@type\":\"WebSite\",\"@id\":\"https:\\\/\\\/jalkojenhoitoelenee.fi\\\/#website\",\"url\":\"https:\\\/\\\/jalkojenhoitoelenee.fi\\\/\",\"name\":\"Jalkojenhoito Elene&eacute;\",\"description\":\"Terveydenhoidollista jalkojen hoitoa\",\"publisher\":{\"@id\":\"https:\\\/\\\/jalkojenhoitoelenee.fi\\\/#organization\"},\"potentialAction\":[{\"@type\":\"SearchAction\",\"target\":{\"@type\":\"EntryPoint\",\"urlTemplate\":\"https:\\\/\\\/jalkojenhoitoelenee.fi\\\/?s={search_term_string}\"},\"query-input\":{\"@type\":\"PropertyValueSpecification\",\"valueRequired\":true,\"valueName\":\"search_term_string\"}}],\"inLanguage\":\"fi\"},{\"@type\":\"Organization\",\"@id\":\"https:\\\/\\\/jalkojenhoitoelenee.fi\\\/#organization\",\"name\":\"Jalkojenhoito Elene&eacute;\",\"url\":\"https:\\\/\\\/jalkojenhoitoelenee.fi\\\/\",\"logo\":{\"@type\":\"ImageObject\",\"inLanguage\":\"fi\",\"@id\":\"https:\\\/\\\/jalkojenhoitoelenee.fi\\\/#\\\/schema\\\/logo\\\/image\\\/\",\"url\":\"https:\\\/\\\/i0.wp.com\\\/jalkojenhoitoelenee.fi\\\/wp-content\\\/uploads\\\/2025\\\/07\\\/Logo_EH_white-scaled-e1755744852872.png?fit=100%2C100&ssl=1\",\"contentUrl\":\"https:\\\/\\\/i0.wp.com\\\/jalkojenhoitoelenee.fi\\\/wp-content\\\/uploads\\\/2025\\\/07\\\/Logo_EH_white-scaled-e1755744852872.png?fit=100%2C100&ssl=1\",\"width\":100,\"height\":100,\"caption\":\"Jalkojenhoito Elene&eacute;\"},\"image\":{\"@id\":\"https:\\\/\\\/jalkojenhoitoelenee.fi\\\/#\\\/schema\\\/logo\\\/image\\\/\"}}]}<\/script>\n<!-- \/ Yoast SEO plugin. -->","yoast_head_json":{"title":"Elena - Jalkojenhoito Elene&eacute;","robots":{"index":"index","follow":"follow","max-snippet":"max-snippet:-1","max-image-preview":"max-image-preview:large","max-video-preview":"max-video-preview:-1"},"canonical":"https:\/\/jalkojenhoitoelenee.fi\/index.php\/elena\/","og_locale":"fi_FI","og_type":"article","og_title":"Elena - Jalkojenhoito Elene&eacute;","og_description":"\u00a0 Olen Elena, koulutukseltani Jalkojen hoidon AT, Vanhustenty\u00f6n erikoistunut L\u00e4hihoitaja PT, Kauneuden alan PT ja Valviran rekister\u00f6im\u00e4 Sosiaali-ja terveysalan ammattiharjoittaja. Jalkojen hoidon teht\u00e4vist\u00e4 minulla on kokemusta yli 16 vuoden ajalta. &hellip;","og_url":"https:\/\/jalkojenhoitoelenee.fi\/index.php\/elena\/","og_site_name":"Jalkojenhoito Elene&eacute;","article_modified_time":"2025-09-22T08:21:47+00:00","og_image":[{"url":"https:\/\/jalkojenhoitoelenee.fi\/wp-content\/uploads\/2025\/07\/458648667_26695746080071048_4354231589376734191_n-768x1579.jpg","type":"","width":"","height":""}],"twitter_card":"summary_large_image","schema":{"@context":"https:\/\/schema.org","@graph":[{"@type":"WebPage","@id":"https:\/\/jalkojenhoitoelenee.fi\/index.php\/elena\/","url":"https:\/\/jalkojenhoitoelenee.fi\/index.php\/elena\/","name":"Elena - Jalkojenhoito Elene&eacute;","isPartOf":{"@id":"https:\/\/jalkojenhoitoelenee.fi\/#website"},"primaryImageOfPage":{"@id":"https:\/\/jalkojenhoitoelenee.fi\/index.php\/elena\/#primaryimage"},"image":{"@id":"https:\/\/jalkojenhoitoelenee.fi\/index.php\/elena\/#primaryimage"},"thumbnailUrl":"https:\/\/jalkojenhoitoelenee.fi\/wp-content\/uploads\/2025\/07\/458648667_26695746080071048_4354231589376734191_n-768x1579.jpg","datePublished":"2025-07-24T22:26:40+00:00","dateModified":"2025-09-22T08:21:47+00:00","breadcrumb":{"@id":"https:\/\/jalkojenhoitoelenee.fi\/index.php\/elena\/#breadcrumb"},"inLanguage":"fi","potentialAction":[{"@type":"ReadAction","target":["https:\/\/jalkojenhoitoelenee.fi\/index.php\/elena\/"]}]},{"@type":"ImageObject","inLanguage":"fi","@id":"https:\/\/jalkojenhoitoelenee.fi\/index.php\/elena\/#primaryimage","url":"https:\/\/i0.wp.com\/jalkojenhoitoelenee.fi\/wp-content\/uploads\/2025\/07\/458648667_26695746080071048_4354231589376734191_n.jpg?fit=996%2C2048&ssl=1","contentUrl":"https:\/\/i0.wp.com\/jalkojenhoitoelenee.fi\/wp-content\/uploads\/2025\/07\/458648667_26695746080071048_4354231589376734191_n.jpg?fit=996%2C2048&ssl=1","width":996,"height":2048},{"@type":"BreadcrumbList","@id":"https:\/\/jalkojenhoitoelenee.fi\/index.php\/elena\/#breadcrumb","itemListElement":[{"@type":"ListItem","position":1,"name":"Etusivu","item":"https:\/\/jalkojenhoitoelenee.fi\/"},{"@type":"ListItem","position":2,"name":"Elena"}]},{"@type":"WebSite","@id":"https:\/\/jalkojenhoitoelenee.fi\/#website","url":"https:\/\/jalkojenhoitoelenee.fi\/","name":"Jalkojenhoito Elene&eacute;","description":"Terveydenhoidollista jalkojen hoitoa","publisher":{"@id":"https:\/\/jalkojenhoitoelenee.fi\/#organization"},"potentialAction":[{"@type":"SearchAction","target":{"@type":"EntryPoint","urlTemplate":"https:\/\/jalkojenhoitoelenee.fi\/?s={search_term_string}"},"query-input":{"@type":"PropertyValueSpecification","valueRequired":true,"valueName":"search_term_string"}}],"inLanguage":"fi"},{"@type":"Organization","@id":"https:\/\/jalkojenhoitoelenee.fi\/#organization","name":"Jalkojenhoito Elene&eacute;","url":"https:\/\/jalkojenhoitoelenee.fi\/","logo":{"@type":"ImageObject","inLanguage":"fi","@id":"https:\/\/jalkojenhoitoelenee.fi\/#\/schema\/logo\/image\/","url":"https:\/\/i0.wp.com\/jalkojenhoitoelenee.fi\/wp-content\/uploads\/2025\/07\/Logo_EH_white-scaled-e1755744852872.png?fit=100%2C100&ssl=1","contentUrl":"https:\/\/i0.wp.com\/jalkojenhoitoelenee.fi\/wp-content\/uploads\/2025\/07\/Logo_EH_white-scaled-e1755744852872.png?fit=100%2C100&ssl=1","width":100,"height":100,"caption":"Jalkojenhoito Elene&eacute;"},"image":{"@id":"https:\/\/jalkojenhoitoelenee.fi\/#\/schema\/logo\/image\/"}}]}},"jetpack_sharing_enabled":true,"_links":{"self":[{"href":"https:\/\/jalkojenhoitoelenee.fi\/index.php\/wp-json\/wp\/v2\/pages\/30","targetHints":{"allow":["GET"]}}],"collection":[{"href":"https:\/\/jalkojenhoitoelenee.fi\/index.php\/wp-json\/wp\/v2\/pages"}],"about":[{"href":"https:\/\/jalkojenhoitoelenee.fi\/index.php\/wp-json\/wp\/v2\/types\/page"}],"author":[{"embeddable":true,"href":"https:\/\/jalkojenhoitoelenee.fi\/index.php\/wp-json\/wp\/v2\/users\/1"}],"replies":[{"embeddable":true,"href":"https:\/\/jalkojenhoitoelenee.fi\/index.php\/wp-json\/wp\/v2\/comments?post=30"}],"version-history":[{"count":28,"href":"https:\/\/jalkojenhoitoelenee.fi\/index.php\/wp-json\/wp\/v2\/pages\/30\/revisions"}],"predecessor-version":[{"id":253,"href":"https:\/\/jalkojenhoitoelenee.fi\/index.php\/wp-json\/wp\/v2\/pages\/30\/revisions\/253"}],"wp:attachment":[{"href":"https:\/\/jalkojenhoitoelenee.fi\/index.php\/wp-json\/wp\/v2\/media?parent=30"}],"curies":[{"name":"wp","href":"https:\/\/api.w.org\/{rel}","templated":true}]}}