{"id":57,"date":"2025-07-24T22:49:12","date_gmt":"2025-07-24T22:49:12","guid":{"rendered":"https:\/\/jalkojenhoitoelenee.fi\/?page_id=57"},"modified":"2025-10-12T10:40:21","modified_gmt":"2025-10-12T10:40:21","slug":"yhteystiedot","status":"publish","type":"page","link":"https:\/\/jalkojenhoitoelenee.fi\/index.php\/yhteystiedot\/","title":{"rendered":"Yhteystiedot"},"content":{"rendered":"\t\t<div data-elementor-type=\"wp-page\" data-elementor-id=\"57\" class=\"elementor elementor-57\">\n\t\t\t\t<div class=\"elementor-element elementor-element-94d601f e-flex e-con-boxed e-con e-parent\" data-id=\"94d601f\" data-element_type=\"container\" data-e-type=\"container\">\n\t\t\t\t\t<div class=\"e-con-inner\">\n\t\t\t\t<div class=\"elementor-element elementor-element-908e757 elementor-widget__width-initial elementor-widget elementor-widget-text-editor\" data-id=\"908e757\" data-element_type=\"widget\" data-e-type=\"widget\" data-widget_type=\"text-editor.default\">\n\t\t\t\t\t\t\t\t\t<p><strong>Elena Hyv\u00f6nen<\/strong><\/p><p>p: 050 538 0389<\/p><p><strong>Prisma, L\u00e4nsikeskus\u00a0<br \/><\/strong>(infoa vastap\u00e4\u00e4t\u00e4, Next One kampaamon yhteydess\u00e4)<br \/>Viilarinkatu 3, 20320 Turku<\/p>\t\t\t\t\t\t\t\t<\/div>\n\t\t\t\t\t<\/div>\n\t\t\t\t<\/div>\n\t\t<div class=\"elementor-element elementor-element-f6d265e e-flex e-con-boxed e-con e-parent\" data-id=\"f6d265e\" data-element_type=\"container\" data-e-type=\"container\">\n\t\t\t\t\t<div class=\"e-con-inner\">\n\t\t<div class=\"elementor-element elementor-element-944c01e e-con-full e-flex e-con e-child\" data-id=\"944c01e\" data-element_type=\"container\" data-e-type=\"container\">\n\t\t\t\t<\/div>\n\t\t<div class=\"elementor-element elementor-element-2a8abe9 e-con-full e-flex e-con e-child\" data-id=\"2a8abe9\" data-element_type=\"container\" data-e-type=\"container\">\n\t\t\t\t<div class=\"elementor-element elementor-element-2f19392 elementor-shape-rounded elementor-grid-0 e-grid-align-center elementor-widget elementor-widget-social-icons\" data-id=\"2f19392\" data-element_type=\"widget\" data-e-type=\"widget\" data-widget_type=\"social-icons.default\">\n\t\t\t\t\t\t\t<div class=\"elementor-social-icons-wrapper elementor-grid\" role=\"list\">\n\t\t\t\t\t\t\t<span class=\"elementor-grid-item\" role=\"listitem\">\n\t\t\t\t\t<a class=\"elementor-icon elementor-social-icon elementor-social-icon-facebook elementor-repeater-item-7f930cf\" href=\"https:\/\/www.facebook.com\/profile.php?id=61551641046570\" target=\"_blank\">\n\t\t\t\t\t\t<span class=\"elementor-screen-only\">Facebook<\/span>\n\t\t\t\t\t\t<svg aria-hidden=\"true\" class=\"e-font-icon-svg e-fab-facebook\" viewBox=\"0 0 512 512\" xmlns=\"http:\/\/www.w3.org\/2000\/svg\"><path d=\"M504 256C504 119 393 8 256 8S8 119 8 256c0 123.78 90.69 226.38 209.25 245V327.69h-63V256h63v-54.64c0-62.15 37-96.48 93.67-96.48 27.14 0 55.52 4.84 55.52 4.84v61h-31.28c-30.8 0-40.41 19.12-40.41 38.73V256h68.78l-11 71.69h-57.78V501C413.31 482.38 504 379.78 504 256z\"><\/path><\/svg>\t\t\t\t\t<\/a>\n\t\t\t\t<\/span>\n\t\t\t\t\t\t\t<span class=\"elementor-grid-item\" role=\"listitem\">\n\t\t\t\t\t<a class=\"elementor-icon elementor-social-icon elementor-social-icon-instagram elementor-repeater-item-d8fc090\" href=\"https:\/\/www.instagram.com\/elenahyvonen?utm_source=ig_web_button_share_sheet&#038;igsh=ZDNlZDc0MzIxNw==\" target=\"_blank\">\n\t\t\t\t\t\t<span class=\"elementor-screen-only\">Instagram<\/span>\n\t\t\t\t\t\t<svg aria-hidden=\"true\" class=\"e-font-icon-svg e-fab-instagram\" viewBox=\"0 0 448 512\" xmlns=\"http:\/\/www.w3.org\/2000\/svg\"><path d=\"M224.1 141c-63.6 0-114.9 51.3-114.9 114.9s51.3 114.9 114.9 114.9S339 319.5 339 255.9 287.7 141 224.1 141zm0 189.6c-41.1 0-74.7-33.5-74.7-74.7s33.5-74.7 74.7-74.7 74.7 33.5 74.7 74.7-33.6 74.7-74.7 74.7zm146.4-194.3c0 14.9-12 26.8-26.8 26.8-14.9 0-26.8-12-26.8-26.8s12-26.8 26.8-26.8 26.8 12 26.8 26.8zm76.1 27.2c-1.7-35.9-9.9-67.7-36.2-93.9-26.2-26.2-58-34.4-93.9-36.2-37-2.1-147.9-2.1-184.9 0-35.8 1.7-67.6 9.9-93.9 36.1s-34.4 58-36.2 93.9c-2.1 37-2.1 147.9 0 184.9 1.7 35.9 9.9 67.7 36.2 93.9s58 34.4 93.9 36.2c37 2.1 147.9 2.1 184.9 0 35.9-1.7 67.7-9.9 93.9-36.2 26.2-26.2 34.4-58 36.2-93.9 2.1-37 2.1-147.8 0-184.8zM398.8 388c-7.8 19.6-22.9 34.7-42.6 42.6-29.5 11.7-99.5 9-132.1 9s-102.7 2.6-132.1-9c-19.6-7.8-34.7-22.9-42.6-42.6-11.7-29.5-9-99.5-9-132.1s-2.6-102.7 9-132.1c7.8-19.6 22.9-34.7 42.6-42.6 29.5-11.7 99.5-9 132.1-9s102.7-2.6 132.1 9c19.6 7.8 34.7 22.9 42.6 42.6 11.7 29.5 9 99.5 9 132.1s2.7 102.7-9 132.1z\"><\/path><\/svg>\t\t\t\t\t<\/a>\n\t\t\t\t<\/span>\n\t\t\t\t\t<\/div>\n\t\t\t\t\t\t<\/div>\n\t\t\t\t<\/div>\n\t\t\t\t\t<\/div>\n\t\t\t\t<\/div>\n\t\t\t\t<\/div>\n\t\t","protected":false},"excerpt":{"rendered":"<p>Elena Hyv\u00f6nen p: 050 538 0389 Prisma, L\u00e4nsikeskus\u00a0(infoa vastap\u00e4\u00e4t\u00e4, Next One kampaamon yhteydess\u00e4)Viilarinkatu 3, 20320 Turku Facebook Instagram<\/p>\n","protected":false},"author":1,"featured_media":53,"parent":0,"menu_order":0,"comment_status":"closed","ping_status":"closed","template":"","meta":{"footnotes":""},"class_list":["post-57","page","type-page","status-publish","has-post-thumbnail","hentry"],"yoast_head":"<!-- This site is optimized with the Yoast SEO plugin v27.4 - https:\/\/yoast.com\/product\/yoast-seo-wordpress\/ -->\n<title>Yhteystiedot - Jalkojenhoito Elene&eacute;<\/title>\n<meta name=\"robots\" content=\"index, follow, max-snippet:-1, max-image-preview:large, max-video-preview:-1\" \/>\n<link rel=\"canonical\" href=\"https:\/\/jalkojenhoitoelenee.fi\/index.php\/yhteystiedot\/\" \/>\n<meta property=\"og:locale\" content=\"fi_FI\" \/>\n<meta property=\"og:type\" content=\"article\" \/>\n<meta property=\"og:title\" content=\"Yhteystiedot - Jalkojenhoito Elene&eacute;\" \/>\n<meta property=\"og:description\" content=\"Elena Hyv\u00f6nen p: 050 538 0389 Prisma, L\u00e4nsikeskus\u00a0(infoa vastap\u00e4\u00e4t\u00e4, Next One kampaamon yhteydess\u00e4)Viilarinkatu 3, 20320 Turku Facebook Instagram\" \/>\n<meta property=\"og:url\" content=\"https:\/\/jalkojenhoitoelenee.fi\/index.php\/yhteystiedot\/\" \/>\n<meta property=\"og:site_name\" content=\"Jalkojenhoito Elene&eacute;\" \/>\n<meta property=\"article:modified_time\" content=\"2025-10-12T10:40:21+00:00\" \/>\n<meta property=\"og:image\" content=\"https:\/\/jalkojenhoitoelenee.fi\/wp-content\/uploads\/2025\/07\/kuva-jalkojenhoidosta2.jpg\" \/>\n\t<meta property=\"og:image:width\" content=\"1472\" \/>\n\t<meta property=\"og:image:height\" content=\"832\" \/>\n\t<meta property=\"og:image:type\" content=\"image\/jpeg\" \/>\n<meta name=\"twitter:card\" content=\"summary_large_image\" \/>\n<script type=\"application\/ld+json\" class=\"yoast-schema-graph\">{\"@context\":\"https:\\\/\\\/schema.org\",\"@graph\":[{\"@type\":\"WebPage\",\"@id\":\"https:\\\/\\\/jalkojenhoitoelenee.fi\\\/index.php\\\/yhteystiedot\\\/\",\"url\":\"https:\\\/\\\/jalkojenhoitoelenee.fi\\\/index.php\\\/yhteystiedot\\\/\",\"name\":\"Yhteystiedot - Jalkojenhoito Elene&eacute;\",\"isPartOf\":{\"@id\":\"https:\\\/\\\/jalkojenhoitoelenee.fi\\\/#website\"},\"primaryImageOfPage\":{\"@id\":\"https:\\\/\\\/jalkojenhoitoelenee.fi\\\/index.php\\\/yhteystiedot\\\/#primaryimage\"},\"image\":{\"@id\":\"https:\\\/\\\/jalkojenhoitoelenee.fi\\\/index.php\\\/yhteystiedot\\\/#primaryimage\"},\"thumbnailUrl\":\"https:\\\/\\\/i0.wp.com\\\/jalkojenhoitoelenee.fi\\\/wp-content\\\/uploads\\\/2025\\\/07\\\/kuva-jalkojenhoidosta2.jpg?fit=1472%2C832&ssl=1\",\"datePublished\":\"2025-07-24T22:49:12+00:00\",\"dateModified\":\"2025-10-12T10:40:21+00:00\",\"breadcrumb\":{\"@id\":\"https:\\\/\\\/jalkojenhoitoelenee.fi\\\/index.php\\\/yhteystiedot\\\/#breadcrumb\"},\"inLanguage\":\"fi\",\"potentialAction\":[{\"@type\":\"ReadAction\",\"target\":[\"https:\\\/\\\/jalkojenhoitoelenee.fi\\\/index.php\\\/yhteystiedot\\\/\"]}]},{\"@type\":\"ImageObject\",\"inLanguage\":\"fi\",\"@id\":\"https:\\\/\\\/jalkojenhoitoelenee.fi\\\/index.php\\\/yhteystiedot\\\/#primaryimage\",\"url\":\"https:\\\/\\\/i0.wp.com\\\/jalkojenhoitoelenee.fi\\\/wp-content\\\/uploads\\\/2025\\\/07\\\/kuva-jalkojenhoidosta2.jpg?fit=1472%2C832&ssl=1\",\"contentUrl\":\"https:\\\/\\\/i0.wp.com\\\/jalkojenhoitoelenee.fi\\\/wp-content\\\/uploads\\\/2025\\\/07\\\/kuva-jalkojenhoidosta2.jpg?fit=1472%2C832&ssl=1\",\"width\":1472,\"height\":832},{\"@type\":\"BreadcrumbList\",\"@id\":\"https:\\\/\\\/jalkojenhoitoelenee.fi\\\/index.php\\\/yhteystiedot\\\/#breadcrumb\",\"itemListElement\":[{\"@type\":\"ListItem\",\"position\":1,\"name\":\"Etusivu\",\"item\":\"https:\\\/\\\/jalkojenhoitoelenee.fi\\\/\"},{\"@type\":\"ListItem\",\"position\":2,\"name\":\"Yhteystiedot\"}]},{\"@type\":\"WebSite\",\"@id\":\"https:\\\/\\\/jalkojenhoitoelenee.fi\\\/#website\",\"url\":\"https:\\\/\\\/jalkojenhoitoelenee.fi\\\/\",\"name\":\"Jalkojenhoito Elene&eacute;\",\"description\":\"Terveydenhoidollista jalkojen hoitoa\",\"publisher\":{\"@id\":\"https:\\\/\\\/jalkojenhoitoelenee.fi\\\/#organization\"},\"potentialAction\":[{\"@type\":\"SearchAction\",\"target\":{\"@type\":\"EntryPoint\",\"urlTemplate\":\"https:\\\/\\\/jalkojenhoitoelenee.fi\\\/?s={search_term_string}\"},\"query-input\":{\"@type\":\"PropertyValueSpecification\",\"valueRequired\":true,\"valueName\":\"search_term_string\"}}],\"inLanguage\":\"fi\"},{\"@type\":\"Organization\",\"@id\":\"https:\\\/\\\/jalkojenhoitoelenee.fi\\\/#organization\",\"name\":\"Jalkojenhoito Elene&eacute;\",\"url\":\"https:\\\/\\\/jalkojenhoitoelenee.fi\\\/\",\"logo\":{\"@type\":\"ImageObject\",\"inLanguage\":\"fi\",\"@id\":\"https:\\\/\\\/jalkojenhoitoelenee.fi\\\/#\\\/schema\\\/logo\\\/image\\\/\",\"url\":\"https:\\\/\\\/i0.wp.com\\\/jalkojenhoitoelenee.fi\\\/wp-content\\\/uploads\\\/2025\\\/07\\\/Logo_EH_white-scaled-e1755744852872.png?fit=100%2C100&ssl=1\",\"contentUrl\":\"https:\\\/\\\/i0.wp.com\\\/jalkojenhoitoelenee.fi\\\/wp-content\\\/uploads\\\/2025\\\/07\\\/Logo_EH_white-scaled-e1755744852872.png?fit=100%2C100&ssl=1\",\"width\":100,\"height\":100,\"caption\":\"Jalkojenhoito Elene&eacute;\"},\"image\":{\"@id\":\"https:\\\/\\\/jalkojenhoitoelenee.fi\\\/#\\\/schema\\\/logo\\\/image\\\/\"}}]}<\/script>\n<!-- \/ Yoast SEO plugin. -->","yoast_head_json":{"title":"Yhteystiedot - Jalkojenhoito Elene&eacute;","robots":{"index":"index","follow":"follow","max-snippet":"max-snippet:-1","max-image-preview":"max-image-preview:large","max-video-preview":"max-video-preview:-1"},"canonical":"https:\/\/jalkojenhoitoelenee.fi\/index.php\/yhteystiedot\/","og_locale":"fi_FI","og_type":"article","og_title":"Yhteystiedot - Jalkojenhoito Elene&eacute;","og_description":"Elena Hyv\u00f6nen p: 050 538 0389 Prisma, L\u00e4nsikeskus\u00a0(infoa vastap\u00e4\u00e4t\u00e4, Next One kampaamon yhteydess\u00e4)Viilarinkatu 3, 20320 Turku Facebook Instagram","og_url":"https:\/\/jalkojenhoitoelenee.fi\/index.php\/yhteystiedot\/","og_site_name":"Jalkojenhoito Elene&eacute;","article_modified_time":"2025-10-12T10:40:21+00:00","og_image":[{"width":1472,"height":832,"url":"https:\/\/jalkojenhoitoelenee.fi\/wp-content\/uploads\/2025\/07\/kuva-jalkojenhoidosta2.jpg","type":"image\/jpeg"}],"twitter_card":"summary_large_image","schema":{"@context":"https:\/\/schema.org","@graph":[{"@type":"WebPage","@id":"https:\/\/jalkojenhoitoelenee.fi\/index.php\/yhteystiedot\/","url":"https:\/\/jalkojenhoitoelenee.fi\/index.php\/yhteystiedot\/","name":"Yhteystiedot - Jalkojenhoito Elene&eacute;","isPartOf":{"@id":"https:\/\/jalkojenhoitoelenee.fi\/#website"},"primaryImageOfPage":{"@id":"https:\/\/jalkojenhoitoelenee.fi\/index.php\/yhteystiedot\/#primaryimage"},"image":{"@id":"https:\/\/jalkojenhoitoelenee.fi\/index.php\/yhteystiedot\/#primaryimage"},"thumbnailUrl":"https:\/\/i0.wp.com\/jalkojenhoitoelenee.fi\/wp-content\/uploads\/2025\/07\/kuva-jalkojenhoidosta2.jpg?fit=1472%2C832&ssl=1","datePublished":"2025-07-24T22:49:12+00:00","dateModified":"2025-10-12T10:40:21+00:00","breadcrumb":{"@id":"https:\/\/jalkojenhoitoelenee.fi\/index.php\/yhteystiedot\/#breadcrumb"},"inLanguage":"fi","potentialAction":[{"@type":"ReadAction","target":["https:\/\/jalkojenhoitoelenee.fi\/index.php\/yhteystiedot\/"]}]},{"@type":"ImageObject","inLanguage":"fi","@id":"https:\/\/jalkojenhoitoelenee.fi\/index.php\/yhteystiedot\/#primaryimage","url":"https:\/\/i0.wp.com\/jalkojenhoitoelenee.fi\/wp-content\/uploads\/2025\/07\/kuva-jalkojenhoidosta2.jpg?fit=1472%2C832&ssl=1","contentUrl":"https:\/\/i0.wp.com\/jalkojenhoitoelenee.fi\/wp-content\/uploads\/2025\/07\/kuva-jalkojenhoidosta2.jpg?fit=1472%2C832&ssl=1","width":1472,"height":832},{"@type":"BreadcrumbList","@id":"https:\/\/jalkojenhoitoelenee.fi\/index.php\/yhteystiedot\/#breadcrumb","itemListElement":[{"@type":"ListItem","position":1,"name":"Etusivu","item":"https:\/\/jalkojenhoitoelenee.fi\/"},{"@type":"ListItem","position":2,"name":"Yhteystiedot"}]},{"@type":"WebSite","@id":"https:\/\/jalkojenhoitoelenee.fi\/#website","url":"https:\/\/jalkojenhoitoelenee.fi\/","name":"Jalkojenhoito Elene&eacute;","description":"Terveydenhoidollista jalkojen hoitoa","publisher":{"@id":"https:\/\/jalkojenhoitoelenee.fi\/#organization"},"potentialAction":[{"@type":"SearchAction","target":{"@type":"EntryPoint","urlTemplate":"https:\/\/jalkojenhoitoelenee.fi\/?s={search_term_string}"},"query-input":{"@type":"PropertyValueSpecification","valueRequired":true,"valueName":"search_term_string"}}],"inLanguage":"fi"},{"@type":"Organization","@id":"https:\/\/jalkojenhoitoelenee.fi\/#organization","name":"Jalkojenhoito Elene&eacute;","url":"https:\/\/jalkojenhoitoelenee.fi\/","logo":{"@type":"ImageObject","inLanguage":"fi","@id":"https:\/\/jalkojenhoitoelenee.fi\/#\/schema\/logo\/image\/","url":"https:\/\/i0.wp.com\/jalkojenhoitoelenee.fi\/wp-content\/uploads\/2025\/07\/Logo_EH_white-scaled-e1755744852872.png?fit=100%2C100&ssl=1","contentUrl":"https:\/\/i0.wp.com\/jalkojenhoitoelenee.fi\/wp-content\/uploads\/2025\/07\/Logo_EH_white-scaled-e1755744852872.png?fit=100%2C100&ssl=1","width":100,"height":100,"caption":"Jalkojenhoito Elene&eacute;"},"image":{"@id":"https:\/\/jalkojenhoitoelenee.fi\/#\/schema\/logo\/image\/"}}]}},"jetpack_sharing_enabled":true,"_links":{"self":[{"href":"https:\/\/jalkojenhoitoelenee.fi\/index.php\/wp-json\/wp\/v2\/pages\/57","targetHints":{"allow":["GET"]}}],"collection":[{"href":"https:\/\/jalkojenhoitoelenee.fi\/index.php\/wp-json\/wp\/v2\/pages"}],"about":[{"href":"https:\/\/jalkojenhoitoelenee.fi\/index.php\/wp-json\/wp\/v2\/types\/page"}],"author":[{"embeddable":true,"href":"https:\/\/jalkojenhoitoelenee.fi\/index.php\/wp-json\/wp\/v2\/users\/1"}],"replies":[{"embeddable":true,"href":"https:\/\/jalkojenhoitoelenee.fi\/index.php\/wp-json\/wp\/v2\/comments?post=57"}],"version-history":[{"count":19,"href":"https:\/\/jalkojenhoitoelenee.fi\/index.php\/wp-json\/wp\/v2\/pages\/57\/revisions"}],"predecessor-version":[{"id":301,"href":"https:\/\/jalkojenhoitoelenee.fi\/index.php\/wp-json\/wp\/v2\/pages\/57\/revisions\/301"}],"wp:featuredmedia":[{"embeddable":true,"href":"https:\/\/jalkojenhoitoelenee.fi\/index.php\/wp-json\/wp\/v2\/media\/53"}],"wp:attachment":[{"href":"https:\/\/jalkojenhoitoelenee.fi\/index.php\/wp-json\/wp\/v2\/media?parent=57"}],"curies":[{"name":"wp","href":"https:\/\/api.w.org\/{rel}","templated":true}]}}