{"id":256,"date":"2025-09-22T08:37:25","date_gmt":"2025-09-22T08:37:25","guid":{"rendered":"https:\/\/jalkojenhoitoelenee.fi\/?post_type=product&#038;p=256"},"modified":"2025-10-02T14:50:56","modified_gmt":"2025-10-02T14:50:56","slug":"osahoito-30min","status":"publish","type":"product","link":"https:\/\/jalkojenhoitoelenee.fi\/index.php\/tuote\/osahoito-30min\/","title":{"rendered":"LAHJAKORTTI 50\u20ac"},"content":{"rendered":"<p><strong>Lahjakortti 50\u20ac, voimassa 4kk ostop\u00e4iv\u00e4st\u00e4<\/strong><\/p>\n","protected":false},"excerpt":{"rendered":"<p>Lahjakortti 50\u20ac, voimassa 4kk ostop\u00e4iv\u00e4st\u00e4<\/p>\n","protected":false},"featured_media":288,"template":"","meta":[],"product_brand":[],"product_cat":[20],"product_tag":[],"class_list":{"0":"post-256","1":"product","2":"type-product","3":"status-publish","4":"has-post-thumbnail","6":"product_cat-hoidot","8":"first","9":"instock","10":"virtual","11":"taxable","12":"purchasable","13":"product-type-simple"},"yoast_head":"<!-- This site is optimized with the Yoast SEO plugin v27.4 - https:\/\/yoast.com\/product\/yoast-seo-wordpress\/ -->\n<title>LAHJAKORTTI 50\u20ac - Jalkojenhoito Elene&eacute;<\/title>\n<meta name=\"robots\" content=\"index, follow, max-snippet:-1, max-image-preview:large, max-video-preview:-1\" \/>\n<link rel=\"canonical\" href=\"https:\/\/jalkojenhoitoelenee.fi\/index.php\/tuote\/osahoito-30min\/\" \/>\n<meta property=\"og:locale\" content=\"fi_FI\" \/>\n<meta property=\"og:type\" content=\"article\" \/>\n<meta property=\"og:title\" content=\"LAHJAKORTTI 50\u20ac - Jalkojenhoito Elene&eacute;\" \/>\n<meta property=\"og:description\" content=\"Lahjakortti 50\u20ac, voimassa 4kk ostop\u00e4iv\u00e4st\u00e4\" \/>\n<meta property=\"og:url\" content=\"https:\/\/jalkojenhoitoelenee.fi\/index.php\/tuote\/osahoito-30min\/\" \/>\n<meta property=\"og:site_name\" content=\"Jalkojenhoito Elene&eacute;\" \/>\n<meta property=\"article:modified_time\" content=\"2025-10-02T14:50:56+00:00\" \/>\n<meta property=\"og:image\" content=\"https:\/\/jalkojenhoitoelenee.fi\/wp-content\/uploads\/2025\/09\/LAHJAKORTTI-50E.png\" \/>\n\t<meta property=\"og:image:width\" content=\"1696\" \/>\n\t<meta property=\"og:image:height\" content=\"848\" \/>\n\t<meta property=\"og:image:type\" content=\"image\/png\" \/>\n<meta name=\"twitter:card\" content=\"summary_large_image\" \/>\n<script type=\"application\/ld+json\" class=\"yoast-schema-graph\">{\"@context\":\"https:\\\/\\\/schema.org\",\"@graph\":[{\"@type\":\"WebPage\",\"@id\":\"https:\\\/\\\/jalkojenhoitoelenee.fi\\\/index.php\\\/tuote\\\/osahoito-30min\\\/\",\"url\":\"https:\\\/\\\/jalkojenhoitoelenee.fi\\\/index.php\\\/tuote\\\/osahoito-30min\\\/\",\"name\":\"LAHJAKORTTI 50\u20ac - Jalkojenhoito Elene&eacute;\",\"isPartOf\":{\"@id\":\"https:\\\/\\\/jalkojenhoitoelenee.fi\\\/#website\"},\"primaryImageOfPage\":{\"@id\":\"https:\\\/\\\/jalkojenhoitoelenee.fi\\\/index.php\\\/tuote\\\/osahoito-30min\\\/#primaryimage\"},\"image\":{\"@id\":\"https:\\\/\\\/jalkojenhoitoelenee.fi\\\/index.php\\\/tuote\\\/osahoito-30min\\\/#primaryimage\"},\"thumbnailUrl\":\"https:\\\/\\\/i0.wp.com\\\/jalkojenhoitoelenee.fi\\\/wp-content\\\/uploads\\\/2025\\\/09\\\/LAHJAKORTTI-50E.png?fit=1696%2C848&ssl=1\",\"datePublished\":\"2025-09-22T08:37:25+00:00\",\"dateModified\":\"2025-10-02T14:50:56+00:00\",\"breadcrumb\":{\"@id\":\"https:\\\/\\\/jalkojenhoitoelenee.fi\\\/index.php\\\/tuote\\\/osahoito-30min\\\/#breadcrumb\"},\"inLanguage\":\"fi\",\"potentialAction\":[{\"@type\":\"ReadAction\",\"target\":[\"https:\\\/\\\/jalkojenhoitoelenee.fi\\\/index.php\\\/tuote\\\/osahoito-30min\\\/\"]}]},{\"@type\":\"ImageObject\",\"inLanguage\":\"fi\",\"@id\":\"https:\\\/\\\/jalkojenhoitoelenee.fi\\\/index.php\\\/tuote\\\/osahoito-30min\\\/#primaryimage\",\"url\":\"https:\\\/\\\/i0.wp.com\\\/jalkojenhoitoelenee.fi\\\/wp-content\\\/uploads\\\/2025\\\/09\\\/LAHJAKORTTI-50E.png?fit=1696%2C848&ssl=1\",\"contentUrl\":\"https:\\\/\\\/i0.wp.com\\\/jalkojenhoitoelenee.fi\\\/wp-content\\\/uploads\\\/2025\\\/09\\\/LAHJAKORTTI-50E.png?fit=1696%2C848&ssl=1\",\"width\":1696,\"height\":848},{\"@type\":\"BreadcrumbList\",\"@id\":\"https:\\\/\\\/jalkojenhoitoelenee.fi\\\/index.php\\\/tuote\\\/osahoito-30min\\\/#breadcrumb\",\"itemListElement\":[{\"@type\":\"ListItem\",\"position\":1,\"name\":\"Etusivu\",\"item\":\"https:\\\/\\\/jalkojenhoitoelenee.fi\\\/\"},{\"@type\":\"ListItem\",\"position\":2,\"name\":\"Kauppa\",\"item\":\"https:\\\/\\\/jalkojenhoitoelenee.fi\\\/index.php\\\/kauppa\\\/\"},{\"@type\":\"ListItem\",\"position\":3,\"name\":\"LAHJAKORTTI 50\u20ac\"}]},{\"@type\":\"WebSite\",\"@id\":\"https:\\\/\\\/jalkojenhoitoelenee.fi\\\/#website\",\"url\":\"https:\\\/\\\/jalkojenhoitoelenee.fi\\\/\",\"name\":\"Jalkojenhoito Elene&eacute;\",\"description\":\"Terveydenhoidollista jalkojen hoitoa\",\"publisher\":{\"@id\":\"https:\\\/\\\/jalkojenhoitoelenee.fi\\\/#organization\"},\"potentialAction\":[{\"@type\":\"SearchAction\",\"target\":{\"@type\":\"EntryPoint\",\"urlTemplate\":\"https:\\\/\\\/jalkojenhoitoelenee.fi\\\/?s={search_term_string}\"},\"query-input\":{\"@type\":\"PropertyValueSpecification\",\"valueRequired\":true,\"valueName\":\"search_term_string\"}}],\"inLanguage\":\"fi\"},{\"@type\":\"Organization\",\"@id\":\"https:\\\/\\\/jalkojenhoitoelenee.fi\\\/#organization\",\"name\":\"Jalkojenhoito Elene&eacute;\",\"url\":\"https:\\\/\\\/jalkojenhoitoelenee.fi\\\/\",\"logo\":{\"@type\":\"ImageObject\",\"inLanguage\":\"fi\",\"@id\":\"https:\\\/\\\/jalkojenhoitoelenee.fi\\\/#\\\/schema\\\/logo\\\/image\\\/\",\"url\":\"https:\\\/\\\/i0.wp.com\\\/jalkojenhoitoelenee.fi\\\/wp-content\\\/uploads\\\/2025\\\/07\\\/Logo_EH_white-scaled-e1755744852872.png?fit=100%2C100&ssl=1\",\"contentUrl\":\"https:\\\/\\\/i0.wp.com\\\/jalkojenhoitoelenee.fi\\\/wp-content\\\/uploads\\\/2025\\\/07\\\/Logo_EH_white-scaled-e1755744852872.png?fit=100%2C100&ssl=1\",\"width\":100,\"height\":100,\"caption\":\"Jalkojenhoito Elene&eacute;\"},\"image\":{\"@id\":\"https:\\\/\\\/jalkojenhoitoelenee.fi\\\/#\\\/schema\\\/logo\\\/image\\\/\"}}]}<\/script>\n<!-- \/ Yoast SEO plugin. -->","yoast_head_json":{"title":"LAHJAKORTTI 50\u20ac - Jalkojenhoito Elene&eacute;","robots":{"index":"index","follow":"follow","max-snippet":"max-snippet:-1","max-image-preview":"max-image-preview:large","max-video-preview":"max-video-preview:-1"},"canonical":"https:\/\/jalkojenhoitoelenee.fi\/index.php\/tuote\/osahoito-30min\/","og_locale":"fi_FI","og_type":"article","og_title":"LAHJAKORTTI 50\u20ac - Jalkojenhoito Elene&eacute;","og_description":"Lahjakortti 50\u20ac, voimassa 4kk ostop\u00e4iv\u00e4st\u00e4","og_url":"https:\/\/jalkojenhoitoelenee.fi\/index.php\/tuote\/osahoito-30min\/","og_site_name":"Jalkojenhoito Elene&eacute;","article_modified_time":"2025-10-02T14:50:56+00:00","og_image":[{"width":1696,"height":848,"url":"https:\/\/jalkojenhoitoelenee.fi\/wp-content\/uploads\/2025\/09\/LAHJAKORTTI-50E.png","type":"image\/png"}],"twitter_card":"summary_large_image","schema":{"@context":"https:\/\/schema.org","@graph":[{"@type":"WebPage","@id":"https:\/\/jalkojenhoitoelenee.fi\/index.php\/tuote\/osahoito-30min\/","url":"https:\/\/jalkojenhoitoelenee.fi\/index.php\/tuote\/osahoito-30min\/","name":"LAHJAKORTTI 50\u20ac - Jalkojenhoito Elene&eacute;","isPartOf":{"@id":"https:\/\/jalkojenhoitoelenee.fi\/#website"},"primaryImageOfPage":{"@id":"https:\/\/jalkojenhoitoelenee.fi\/index.php\/tuote\/osahoito-30min\/#primaryimage"},"image":{"@id":"https:\/\/jalkojenhoitoelenee.fi\/index.php\/tuote\/osahoito-30min\/#primaryimage"},"thumbnailUrl":"https:\/\/i0.wp.com\/jalkojenhoitoelenee.fi\/wp-content\/uploads\/2025\/09\/LAHJAKORTTI-50E.png?fit=1696%2C848&ssl=1","datePublished":"2025-09-22T08:37:25+00:00","dateModified":"2025-10-02T14:50:56+00:00","breadcrumb":{"@id":"https:\/\/jalkojenhoitoelenee.fi\/index.php\/tuote\/osahoito-30min\/#breadcrumb"},"inLanguage":"fi","potentialAction":[{"@type":"ReadAction","target":["https:\/\/jalkojenhoitoelenee.fi\/index.php\/tuote\/osahoito-30min\/"]}]},{"@type":"ImageObject","inLanguage":"fi","@id":"https:\/\/jalkojenhoitoelenee.fi\/index.php\/tuote\/osahoito-30min\/#primaryimage","url":"https:\/\/i0.wp.com\/jalkojenhoitoelenee.fi\/wp-content\/uploads\/2025\/09\/LAHJAKORTTI-50E.png?fit=1696%2C848&ssl=1","contentUrl":"https:\/\/i0.wp.com\/jalkojenhoitoelenee.fi\/wp-content\/uploads\/2025\/09\/LAHJAKORTTI-50E.png?fit=1696%2C848&ssl=1","width":1696,"height":848},{"@type":"BreadcrumbList","@id":"https:\/\/jalkojenhoitoelenee.fi\/index.php\/tuote\/osahoito-30min\/#breadcrumb","itemListElement":[{"@type":"ListItem","position":1,"name":"Etusivu","item":"https:\/\/jalkojenhoitoelenee.fi\/"},{"@type":"ListItem","position":2,"name":"Kauppa","item":"https:\/\/jalkojenhoitoelenee.fi\/index.php\/kauppa\/"},{"@type":"ListItem","position":3,"name":"LAHJAKORTTI 50\u20ac"}]},{"@type":"WebSite","@id":"https:\/\/jalkojenhoitoelenee.fi\/#website","url":"https:\/\/jalkojenhoitoelenee.fi\/","name":"Jalkojenhoito Elene&eacute;","description":"Terveydenhoidollista jalkojen hoitoa","publisher":{"@id":"https:\/\/jalkojenhoitoelenee.fi\/#organization"},"potentialAction":[{"@type":"SearchAction","target":{"@type":"EntryPoint","urlTemplate":"https:\/\/jalkojenhoitoelenee.fi\/?s={search_term_string}"},"query-input":{"@type":"PropertyValueSpecification","valueRequired":true,"valueName":"search_term_string"}}],"inLanguage":"fi"},{"@type":"Organization","@id":"https:\/\/jalkojenhoitoelenee.fi\/#organization","name":"Jalkojenhoito Elene&eacute;","url":"https:\/\/jalkojenhoitoelenee.fi\/","logo":{"@type":"ImageObject","inLanguage":"fi","@id":"https:\/\/jalkojenhoitoelenee.fi\/#\/schema\/logo\/image\/","url":"https:\/\/i0.wp.com\/jalkojenhoitoelenee.fi\/wp-content\/uploads\/2025\/07\/Logo_EH_white-scaled-e1755744852872.png?fit=100%2C100&ssl=1","contentUrl":"https:\/\/i0.wp.com\/jalkojenhoitoelenee.fi\/wp-content\/uploads\/2025\/07\/Logo_EH_white-scaled-e1755744852872.png?fit=100%2C100&ssl=1","width":100,"height":100,"caption":"Jalkojenhoito Elene&eacute;"},"image":{"@id":"https:\/\/jalkojenhoitoelenee.fi\/#\/schema\/logo\/image\/"}}]}},"jetpack_sharing_enabled":true,"_links":{"self":[{"href":"https:\/\/jalkojenhoitoelenee.fi\/index.php\/wp-json\/wp\/v2\/product\/256","targetHints":{"allow":["GET"]}}],"collection":[{"href":"https:\/\/jalkojenhoitoelenee.fi\/index.php\/wp-json\/wp\/v2\/product"}],"about":[{"href":"https:\/\/jalkojenhoitoelenee.fi\/index.php\/wp-json\/wp\/v2\/types\/product"}],"wp:featuredmedia":[{"embeddable":true,"href":"https:\/\/jalkojenhoitoelenee.fi\/index.php\/wp-json\/wp\/v2\/media\/288"}],"wp:attachment":[{"href":"https:\/\/jalkojenhoitoelenee.fi\/index.php\/wp-json\/wp\/v2\/media?parent=256"}],"wp:term":[{"taxonomy":"product_brand","embeddable":true,"href":"https:\/\/jalkojenhoitoelenee.fi\/index.php\/wp-json\/wp\/v2\/product_brand?post=256"},{"taxonomy":"product_cat","embeddable":true,"href":"https:\/\/jalkojenhoitoelenee.fi\/index.php\/wp-json\/wp\/v2\/product_cat?post=256"},{"taxonomy":"product_tag","embeddable":true,"href":"https:\/\/jalkojenhoitoelenee.fi\/index.php\/wp-json\/wp\/v2\/product_tag?post=256"}],"curies":[{"name":"wp","href":"https:\/\/api.w.org\/{rel}","templated":true}]}}